{"id":710,"date":"2023-08-10T13:22:01","date_gmt":"2023-08-10T16:22:01","guid":{"rendered":"https:\/\/lonsera.com\/cell-procurement\/"},"modified":"2023-08-24T10:06:10","modified_gmt":"2023-08-24T13:06:10","slug":"adquisicion-de-celulas","status":"publish","type":"page","link":"https:\/\/lonsera.com\/es\/adquisicion-de-celulas\/","title":{"rendered":"Adquisici\u00f3n de C\u00e9lulas"},"content":{"rendered":"<p>[et_pb_section fb_built=\u00bb1&#8243; custom_padding_last_edited=\u00bbon|phone\u00bb _builder_version=\u00bb4.21.0&#8243; _module_preset=\u00bbdefault\u00bb background_color=\u00bbrgba(33,32,30,0.3)\u00bb background_image=\u00bbhttps:\/\/lonsera.com\/wp-content\/uploads\/2023\/08\/bg-titulo1.webp\u00bb background_blend=\u00bbmultiply\u00bb custom_padding=\u00bb100px||100px||true|false\u00bb custom_padding_tablet=\u00bb80px||80px||true|false\u00bb custom_padding_phone=\u00bb50px||50px||true|false\u00bb locked=\u00bboff\u00bb global_colors_info=\u00bb{}\u00bb][et_pb_row _builder_version=\u00bb4.21.0&#8243; _module_preset=\u00bbdefault\u00bb custom_padding=\u00bb0px||0px||true|false\u00bb global_colors_info=\u00bb{}\u00bb][et_pb_column type=\u00bb4_4&#8243; _builder_version=\u00bb4.21.0&#8243; _module_preset=\u00bbdefault\u00bb global_colors_info=\u00bb{}\u00bb][et_pb_text module_class=\u00bbtitulo-pagina\u00bb _builder_version=\u00bb4.22.0&#8243; _dynamic_attributes=\u00bbcontent\u00bb _module_preset=\u00bbdefault\u00bb header_font=\u00bb||||||||\u00bb header_text_color=\u00bb#FFFFFF\u00bb header_font_size=\u00bb40px\u00bb max_width=\u00bb500px\u00bb max_width_tablet=\u00bb100%\u00bb max_width_phone=\u00bb100%\u00bb max_width_last_edited=\u00bbon|tablet\u00bb custom_margin=\u00bb||30px||false|false\u00bb header_text_align_tablet=\u00bbcenter\u00bb header_text_align_phone=\u00bbcenter\u00bb header_text_align_last_edited=\u00bbon|tablet\u00bb header_font_size_tablet=\u00bb36px\u00bb header_font_size_phone=\u00bb30px\u00bb header_font_size_last_edited=\u00bbon|phone\u00bb header_2_text_align_tablet=\u00bbcenter\u00bb header_2_text_align_phone=\u00bbcenter\u00bb header_2_text_align_last_edited=\u00bboff|desktop\u00bb header_2_font_size_tablet=\u00bb36px\u00bb header_2_font_size_phone=\u00bb30px\u00bb header_2_font_size_last_edited=\u00bboff|desktop\u00bb locked=\u00bboff\u00bb global_colors_info=\u00bb{}\u00bb]@ET-DC@eyJkeW5hbWljIjp0cnVlLCJjb250ZW50IjoicG9zdF90aXRsZSIsInNldHRpbmdzIjp7ImJlZm9yZSI6IjxoMT48c3Ryb25nPiIsImFmdGVyIjoiPFwvc3Ryb25nPjxcL2gxPiJ9fQ==@[\/et_pb_text][et_pb_divider divider_weight=\u00bb5px\u00bb _builder_version=\u00bb4.21.0&#8243; _module_preset=\u00bbdefault\u00bb width=\u00bb100px\u00bb height=\u00bb5px\u00bb custom_margin=\u00bb||||false|false\u00bb module_alignment_tablet=\u00bbcenter\u00bb module_alignment_phone=\u00bbcenter\u00bb module_alignment_last_edited=\u00bbon|tablet\u00bb locked=\u00bboff\u00bb global_colors_info=\u00bb{}\u00bb][\/et_pb_divider][\/et_pb_column][\/et_pb_row][\/et_pb_section][et_pb_section fb_built=\u00bb1&#8243; custom_padding_last_edited=\u00bbon|desktop\u00bb admin_label=\u00bbsection\u00bb _builder_version=\u00bb4.21.0&#8243; custom_padding=\u00bb100px||100px||true|false\u00bb custom_padding_tablet=\u00bb80px||80px||true|false\u00bb custom_padding_phone=\u00bb50px||50px||true|false\u00bb locked=\u00bboff\u00bb global_colors_info=\u00bb{}\u00bb][et_pb_row column_structure=\u00bb1_2,1_2&#8243; make_equal=\u00bbon\u00bb admin_label=\u00bbrow\u00bb _builder_version=\u00bb4.22.0&#8243; background_size=\u00bbinitial\u00bb background_position=\u00bbtop_left\u00bb background_repeat=\u00bbrepeat\u00bb custom_margin=\u00bb||||false|false\u00bb custom_margin_tablet=\u00bb||||false|false\u00bb custom_margin_phone=\u00bb||||false|false\u00bb custom_margin_last_edited=\u00bboff|phone\u00bb custom_padding=\u00bb0px||0px||false|false\u00bb global_colors_info=\u00bb{}\u00bb][et_pb_column type=\u00bb1_2&#8243; _builder_version=\u00bb4.22.0&#8243; custom_padding=\u00bb50px||50px||true|false\u00bb custom_padding_tablet=\u00bb0px||50px||false|false\u00bb custom_padding_phone=\u00bb||20px||false|false\u00bb custom_padding_last_edited=\u00bbon|tablet\u00bb global_colors_info=\u00bb{}\u00bb custom_padding__hover=\u00bb|||\u00bb][et_pb_text _builder_version=\u00bb4.22.0&#8243; _module_preset=\u00bbdefault\u00bb custom_margin=\u00bb||||false|false\u00bb custom_margin_tablet=\u00bb||||false|false\u00bb custom_margin_phone=\u00bb||||false|false\u00bb custom_margin_last_edited=\u00bbon|phone\u00bb text_orientation_last_edited=\u00bboff|phone\u00bb global_colors_info=\u00bb{}\u00bb]<\/p>\n<p>Nuestra empresa puede adquirir c\u00e9lulas extranjeras en nombre de los clientes, incluyendo c\u00e9lulas de bancos de c\u00e9lulas importantes y empresas vendedoras de c\u00e9lulas. Los usuarios registrados pueden solicitar una lista de marcas disponibles para la adquisici\u00f3n.<\/p>\n<p>Los clientes deben proporcionar el nombre de la c\u00e9lula, el n\u00famero de cat\u00e1logo y el enlace de compra (si est\u00e1 disponible). Tambi\u00e9n ofrecemos un servicio para buscar la fuente de c\u00e9lulas basado en el nombre de la c\u00e9lula.<\/p>\n<p>Ofrecemos servicios de transporte bidireccional, tanto internacional como nacional, para las c\u00e9lulas.<\/p>\n<p>Tambi\u00e9n proporcionamos el servicio de cultivo celular en nombre de los clientes.<\/p>\n<p>[\/et_pb_text][\/et_pb_column][et_pb_column type=\u00bb1_2&#8243; module_class=\u00bbfull-img\u00bb _builder_version=\u00bb4.22.0&#8243; custom_padding=\u00bb|||\u00bb global_colors_info=\u00bb{}\u00bb custom_padding__hover=\u00bb|||\u00bb][et_pb_image src=\u00bbhttps:\/\/lonsera.com\/wp-content\/uploads\/2023\/08\/market-cell-procurement.webp\u00bb _builder_version=\u00bb4.22.1&#8243; _module_preset=\u00bbdefault\u00bb hover_enabled=\u00bb0&#8243; border_radii=\u00bbon|30px|30px|30px|30px\u00bb global_colors_info=\u00bb{}\u00bb sticky_enabled=\u00bb0&#8243;][\/et_pb_image][\/et_pb_column][\/et_pb_row][\/et_pb_section][et_pb_section fb_built=\u00bb1&#8243; custom_padding_last_edited=\u00bbon|desktop\u00bb admin_label=\u00bbsection\u00bb _builder_version=\u00bb4.22.0&#8243; background_color=\u00bb#F2F2F2&#8243; custom_padding=\u00bb100px||100px||true|false\u00bb custom_padding_tablet=\u00bb80px||80px||true|false\u00bb custom_padding_phone=\u00bb50px||50px||true|false\u00bb locked=\u00bboff\u00bb global_colors_info=\u00bb{}\u00bb][et_pb_row column_structure=\u00bb1_2,1_2&#8243; use_custom_gutter=\u00bbon\u00bb gutter_width=\u00bb2&#8243; make_equal=\u00bbon\u00bb admin_label=\u00bbrow\u00bb _builder_version=\u00bb4.22.0&#8243; background_size=\u00bbinitial\u00bb background_position=\u00bbtop_left\u00bb background_repeat=\u00bbrepeat\u00bb custom_margin=\u00bb||||false|false\u00bb custom_margin_tablet=\u00bb||||false|false\u00bb custom_margin_phone=\u00bb||||false|false\u00bb custom_margin_last_edited=\u00bboff|phone\u00bb custom_padding=\u00bb0px||0px||false|false\u00bb global_colors_info=\u00bb{}\u00bb][et_pb_column type=\u00bb1_2&#8243; _builder_version=\u00bb4.22.0&#8243; custom_padding=\u00bb|||\u00bb custom_padding_tablet=\u00bb||||false|false\u00bb custom_padding_phone=\u00bb||||false|false\u00bb custom_padding_last_edited=\u00bboff|phone\u00bb global_colors_info=\u00bb{}\u00bb custom_padding__hover=\u00bb|||\u00bb][et_pb_blurb title=\u00bbNuestra Log\u00edstica\u00bb content_max_width=\u00bb100%\u00bb _builder_version=\u00bb4.22.0&#8243; _module_preset=\u00bbdefault\u00bb header_level=\u00bbh2&#8243; header_text_color=\u00bb#D12329&#8243; header_font_size=\u00bb24px\u00bb background_color=\u00bb#FFFFFF\u00bb height=\u00bb100%\u00bb custom_padding=\u00bb50px|50px|50px|50px|true|true\u00bb custom_padding_tablet=\u00bb50px|50px|50px|50px|true|true\u00bb custom_padding_phone=\u00bb30px|30px|30px|30px|true|true\u00bb custom_padding_last_edited=\u00bbon|phone\u00bb header_text_align_tablet=\u00bb\u00bb header_text_align_phone=\u00bb\u00bb header_text_align_last_edited=\u00bbon|tablet\u00bb border_radii=\u00bbon|30px|30px|30px|30px\u00bb global_colors_info=\u00bb{}\u00bb]<\/p>\n<p>Para el segmento internacional, ofrecemos transporte completo de cadena de fr\u00edo con registros de control de temperatura. Para el segmento nacional, utilizamos transporte con hielo seco y tambi\u00e9n aceptamos recolecciones en el lugar.<\/p>\n<p>[\/et_pb_blurb][\/et_pb_column][et_pb_column type=\u00bb1_2&#8243; _builder_version=\u00bb4.16&#8243; custom_padding=\u00bb|||\u00bb global_colors_info=\u00bb{}\u00bb custom_padding__hover=\u00bb|||\u00bb][et_pb_blurb title=\u00bbNuestro Proceso\u00bb content_max_width=\u00bb100%\u00bb _builder_version=\u00bb4.22.0&#8243; _module_preset=\u00bbdefault\u00bb header_level=\u00bbh2&#8243; header_text_color=\u00bb#D12329&#8243; header_font_size=\u00bb24px\u00bb background_color=\u00bb#FFFFFF\u00bb height=\u00bb100%\u00bb custom_padding=\u00bb50px|50px|50px|50px|true|true\u00bb custom_padding_tablet=\u00bb50px|50px|50px|50px|true|true\u00bb custom_padding_phone=\u00bb30px|30px|30px|30px|true|true\u00bb custom_padding_last_edited=\u00bbon|phone\u00bb border_radii=\u00bbon|30px|30px|30px|30px\u00bb global_colors_info=\u00bb{}\u00bb]<\/p>\n<p>Los clientes proporcionan su informaci\u00f3n de contacto y detalles b\u00e1sicos de las c\u00e9lulas.<\/p>\n<p>Nuestra empresa proporcionar\u00e1 informaci\u00f3n detallada sobre el pedido, incluyendo precio, plazo de entrega y m\u00e9todo de transporte, en un plazo de 1-3 d\u00edas laborables.<\/p>\n<p>Los clientes confirman la informaci\u00f3n del producto y el precio, y firman un contrato de compra.<\/p>\n<p>Despu\u00e9s de recibir el pago completo por adelantado, el contrato se vuelve efectivo y comenzamos a contar el plazo de entrega. (El plazo de entrega podr\u00eda retrasarse debido a factores incontrolables).<\/p>\n<p>[\/et_pb_blurb][\/et_pb_column][\/et_pb_row][\/et_pb_section][et_pb_section fb_built=\u00bb1&#8243; custom_padding_last_edited=\u00bbon|phone\u00bb module_id=\u00bbcontact\u00bb _builder_version=\u00bb4.22.0&#8243; _module_preset=\u00bbdefault\u00bb background_color=\u00bbrgba(33,32,30,0.65)\u00bb background_image=\u00bbhttps:\/\/lonsera.com\/wp-content\/uploads\/2023\/07\/bg-contacto.webp\u00bb background_blend=\u00bbmultiply\u00bb custom_padding=\u00bb100px||100px||true|false\u00bb custom_padding_tablet=\u00bb80px||80px||true|false\u00bb custom_padding_phone=\u00bb50px||50px||true|false\u00bb global_module=\u00bb236&#8243; saved_tabs=\u00bball\u00bb global_colors_info=\u00bb{}\u00bb][et_pb_row column_structure=\u00bb1_2,1_2&#8243; make_equal=\u00bbon\u00bb _builder_version=\u00bb4.21.0&#8243; _module_preset=\u00bbdefault\u00bb custom_margin_last_edited=\u00bboff|tablet\u00bb custom_padding=\u00bb0px||0px||false|false\u00bb custom_css_main_element=\u00bbalign-items:center;\u00bb global_colors_info=\u00bb{}\u00bb][et_pb_column type=\u00bb1_2&#8243; _builder_version=\u00bb4.21.0&#8243; _module_preset=\u00bbdefault\u00bb custom_padding_tablet=\u00bb||50px||false|false\u00bb custom_padding_phone=\u00bb||20px||false|false\u00bb custom_padding_last_edited=\u00bbon|phone\u00bb global_colors_info=\u00bb{}\u00bb][et_pb_text _builder_version=\u00bb4.22.0&#8243; _module_preset=\u00bbdefault\u00bb header_2_text_color=\u00bb#FFFFFF\u00bb header_2_font_size=\u00bb36px\u00bb max_width=\u00bb300px\u00bb max_width_tablet=\u00bb100%\u00bb max_width_phone=\u00bb100%\u00bb max_width_last_edited=\u00bbon|desktop\u00bb custom_margin=\u00bb||30px||false|false\u00bb header_2_text_align_tablet=\u00bbcenter\u00bb header_2_text_align_phone=\u00bbcenter\u00bb header_2_text_align_last_edited=\u00bbon|desktop\u00bb header_2_font_size_tablet=\u00bb32px\u00bb header_2_font_size_phone=\u00bb26px\u00bb header_2_font_size_last_edited=\u00bbon|phone\u00bb global_colors_info=\u00bb{}\u00bb]<\/p>\n<h2>P\u00f3ngase en contacto con nosotros!<\/h2>\n<p>[\/et_pb_text][et_pb_divider divider_weight=\u00bb5px\u00bb _builder_version=\u00bb4.21.0&#8243; _module_preset=\u00bbdefault\u00bb width=\u00bb100px\u00bb custom_margin=\u00bb||15px||false|false\u00bb module_alignment_tablet=\u00bbcenter\u00bb module_alignment_phone=\u00bbcenter\u00bb module_alignment_last_edited=\u00bbon|tablet\u00bb global_colors_info=\u00bb{}\u00bb][\/et_pb_divider][et_pb_text _builder_version=\u00bb4.21.0&#8243; _module_preset=\u00bbdefault\u00bb text_text_color=\u00bb#FFFFFF\u00bb max_width=\u00bb400px\u00bb max_width_tablet=\u00bb100%\u00bb max_width_phone=\u00bb\u00bb max_width_last_edited=\u00bbon|tablet\u00bb custom_margin=\u00bb||100px||false|false\u00bb custom_margin_tablet=\u00bb||50px||false|false\u00bb custom_margin_phone=\u00bb||30px||false|false\u00bb custom_margin_last_edited=\u00bbon|phone\u00bb text_orientation_tablet=\u00bbcenter\u00bb text_orientation_phone=\u00bb\u00bb text_orientation_last_edited=\u00bbon|tablet\u00bb global_colors_info=\u00bb{}\u00bb]<\/p>\n<p>Complete el formulario para enviarnos un mensaje por email o tambi\u00e9n puede contactarnos utilizando la informaci\u00f3n de abajo.<\/p>\n<p>[\/et_pb_text][et_pb_text _builder_version=\u00bb4.21.0&#8243; _module_preset=\u00bbdefault\u00bb text_font=\u00bb|600|||||||\u00bb text_text_color=\u00bb#FFFFFF\u00bb text_font_size=\u00bb18px\u00bb link_text_color=\u00bb#FFFFFF\u00bb custom_margin=\u00bb||5px||false|false\u00bb text_orientation_tablet=\u00bbcenter\u00bb text_orientation_phone=\u00bb\u00bb text_orientation_last_edited=\u00bbon|tablet\u00bb global_colors_info=\u00bb{}\u00bb link_text_color__hover_enabled=\u00bbon|hover\u00bb link_text_color__hover=\u00bb#D12329&#8243;]<\/p>\n<p>Cont\u00e1ctenos!<\/p>\n<p>[\/et_pb_text][et_pb_text _builder_version=\u00bb4.22.0&#8243; _module_preset=\u00bbdefault\u00bb text_text_color=\u00bb#FFFFFF\u00bb link_text_color=\u00bb#FFFFFF\u00bb text_orientation_tablet=\u00bbcenter\u00bb text_orientation_phone=\u00bb\u00bb text_orientation_last_edited=\u00bbon|tablet\u00bb global_colors_info=\u00bb{}\u00bb link_text_color__hover_enabled=\u00bbon|hover\u00bb link_text_color__hover=\u00bb#D12329&#8243;]<\/p>\n<p><a href=\"mailto:contact@lonsera.com\">contact@lonsera.com<\/a><br \/><a href=\"tel:+59826821984\">(00598) 2 682 19 84<\/a><br \/>R\u00edo Ebro M.6 Solar 20 &#8211; Ciudad de la Costa, Uruguay<\/p>\n<p>[\/et_pb_text][\/et_pb_column][et_pb_column type=\u00bb1_2&#8243; _builder_version=\u00bb4.21.0&#8243; _module_preset=\u00bbdefault\u00bb global_colors_info=\u00bb{}\u00bb][et_pb_code _builder_version=\u00bb4.21.0&#8243; _module_preset=\u00bbdefault\u00bb background_color=\u00bb#FFFFFF\u00bb custom_padding=\u00bb50px|50px|50px|50px|true|true\u00bb custom_padding_tablet=\u00bb\u00bb custom_padding_phone=\u00bb30px|30px|30px|30px|true|true\u00bb custom_padding_last_edited=\u00bbon|phone\u00bb border_radii=\u00bbon|30px|30px|30px|30px\u00bb global_colors_info=\u00bb{}\u00bb]\n<div class=\"wpcf7 no-js\" id=\"wpcf7-f939-o1\" lang=\"es-ES\" dir=\"ltr\" data-wpcf7-id=\"939\">\n<div class=\"screen-reader-response\"><p role=\"status\" aria-live=\"polite\" aria-atomic=\"true\"><\/p> <ul><\/ul><\/div>\n<form action=\"\/es\/wp-json\/wp\/v2\/pages\/710#wpcf7-f939-o1\" method=\"post\" class=\"wpcf7-form init\" aria-label=\"Formulario de contacto\" novalidate=\"novalidate\" data-status=\"init\">\n<fieldset class=\"hidden-fields-container\"><input type=\"hidden\" name=\"_wpcf7\" value=\"939\" \/><input type=\"hidden\" name=\"_wpcf7_version\" value=\"6.1.5\" \/><input type=\"hidden\" name=\"_wpcf7_locale\" value=\"es_ES\" \/><input type=\"hidden\" name=\"_wpcf7_unit_tag\" value=\"wpcf7-f939-o1\" \/><input type=\"hidden\" name=\"_wpcf7_container_post\" value=\"0\" \/><input type=\"hidden\" name=\"_wpcf7_posted_data_hash\" value=\"\" \/><input type=\"hidden\" name=\"_wpcf7_recaptcha_response\" value=\"\" \/>\n<\/fieldset>\n<div class=\"campo x2\"><label>Nombre completo<\/label><span class=\"wpcf7-form-control-wrap\" data-name=\"your-name\"><input size=\"40\" maxlength=\"400\" class=\"wpcf7-form-control wpcf7-text wpcf7-validates-as-required\" aria-required=\"true\" aria-invalid=\"false\" value=\"\" type=\"text\" name=\"your-name\" \/><\/span><\/div>\n<div class=\"campo x2\"><label>Email<\/label><span class=\"wpcf7-form-control-wrap\" data-name=\"your-email\"><input size=\"40\" maxlength=\"400\" class=\"wpcf7-form-control wpcf7-email wpcf7-validates-as-required wpcf7-text wpcf7-validates-as-email\" aria-required=\"true\" aria-invalid=\"false\" value=\"\" type=\"email\" name=\"your-email\" \/><\/span><\/div>\n<div class=\"campo x2\"><label>Empresa<\/label><span class=\"wpcf7-form-control-wrap\" data-name=\"your-company\"><input size=\"40\" maxlength=\"400\" class=\"wpcf7-form-control wpcf7-text wpcf7-validates-as-required\" aria-required=\"true\" aria-invalid=\"false\" value=\"\" type=\"text\" name=\"your-company\" \/><\/span><\/div>\n<div class=\"campo x2\"><label>Tipo de instituci\u00f3n<\/label><span class=\"wpcf7-form-control-wrap\" data-name=\"type-of-institution\"><select class=\"wpcf7-form-control wpcf7-select wpcf7-validates-as-required\" aria-required=\"true\" aria-invalid=\"false\" name=\"type-of-institution\"><option value=\"\"><\/option><option value=\"Acad\u00e9mico o universitario\">Acad\u00e9mico o universitario<\/option><option value=\"Biotecnolog\u00eda\">Biotecnolog\u00eda<\/option><option value=\"Laboratorio de diagn\u00f3stico\">Laboratorio de diagn\u00f3stico<\/option><option value=\"Gobierno\">Gobierno<\/option><option value=\"OEM\">OEM<\/option><option value=\"Instituci\u00f3n de investigaci\u00f3n\">Instituci\u00f3n de investigaci\u00f3n<\/option><option value=\"Revendedor o distribuidor\">Revendedor o distribuidor<\/option><\/select><\/span><\/div>\n<div class=\"campo x1\"><label>Mensaje<\/label><span class=\"wpcf7-form-control-wrap\" data-name=\"your-message\"><textarea cols=\"40\" rows=\"5\" maxlength=\"2000\" class=\"wpcf7-form-control wpcf7-textarea wpcf7-validates-as-required\" aria-required=\"true\" aria-invalid=\"false\" name=\"your-message\"><\/textarea><\/span><\/div>\n<div class=\"campo x1 enviar\"><input class=\"wpcf7-form-control wpcf7-submit has-spinner\" type=\"submit\" value=\"Enviar\" \/><\/div>\n<input class=\"wpcf7-form-control wpcf7-hidden\" id=\"titulo-pagina\" value=\"\" type=\"hidden\" name=\"titulo-pagina\" \/>\n<input class=\"wpcf7-form-control wpcf7-hidden\" id=\"url-pagina\" value=\"\" type=\"hidden\" name=\"url-pagina\" \/><div class=\"wpcf7-response-output\" aria-hidden=\"true\"><\/div>\n<\/form>\n<\/div>\n[\/et_pb_code][\/et_pb_column][\/et_pb_row][\/et_pb_section]<\/p>\n","protected":false},"excerpt":{"rendered":"<p>Nuestra empresa puede adquirir c\u00e9lulas extranjeras en nombre de los clientes, incluyendo c\u00e9lulas de bancos de c\u00e9lulas importantes y empresas vendedoras de c\u00e9lulas. Los usuarios registrados pueden solicitar una lista de marcas disponibles para la adquisici\u00f3n. Los clientes deben proporcionar el nombre de la c\u00e9lula, el n\u00famero de cat\u00e1logo y el enlace de compra (si [&hellip;]<\/p>\n","protected":false},"author":1,"featured_media":0,"parent":0,"menu_order":0,"comment_status":"closed","ping_status":"closed","template":"","meta":{"_acf_changed":false,"_et_pb_use_builder":"on","_et_pb_old_content":"","_et_gb_content_width":"","rs_blank_template":"","rs_page_bg_color":"","slide_template_v7":"","inline_featured_image":false,"footnotes":""},"class_list":["post-710","page","type-page","status-publish","hentry"],"acf":[],"yoast_head":"<!-- This site is optimized with the Yoast SEO plugin v27.3 - https:\/\/yoast.com\/product\/yoast-seo-wordpress\/ -->\n<title>Adquisici\u00f3n de C\u00e9lulas - Lonsera<\/title>\n<meta name=\"robots\" content=\"index, follow, max-snippet:-1, max-image-preview:large, max-video-preview:-1\" \/>\n<link rel=\"canonical\" href=\"https:\/\/lonsera.com\/es\/adquisicion-de-celulas\/\" \/>\n<meta property=\"og:locale\" content=\"es_ES\" \/>\n<meta property=\"og:type\" content=\"article\" \/>\n<meta property=\"og:title\" content=\"Adquisici\u00f3n de C\u00e9lulas - Lonsera\" \/>\n<meta property=\"og:description\" content=\"Nuestra empresa puede adquirir c\u00e9lulas extranjeras en nombre de los clientes, incluyendo c\u00e9lulas de bancos de c\u00e9lulas importantes y empresas vendedoras de c\u00e9lulas. Los usuarios registrados pueden solicitar una lista de marcas disponibles para la adquisici\u00f3n. Los clientes deben proporcionar el nombre de la c\u00e9lula, el n\u00famero de cat\u00e1logo y el enlace de compra (si [&hellip;]\" \/>\n<meta property=\"og:url\" content=\"https:\/\/lonsera.com\/es\/adquisicion-de-celulas\/\" \/>\n<meta property=\"og:site_name\" content=\"Lonsera\" \/>\n<meta property=\"article:modified_time\" content=\"2023-08-24T13:06:10+00:00\" \/>\n<meta property=\"og:image\" content=\"https:\/\/lonsera.com\/wp-content\/uploads\/2023\/07\/bg-slide-campo.webp\" \/>\n\t<meta property=\"og:image:width\" content=\"1920\" \/>\n\t<meta property=\"og:image:height\" content=\"1281\" \/>\n\t<meta property=\"og:image:type\" content=\"image\/webp\" \/>\n<meta name=\"twitter:card\" content=\"summary_large_image\" \/>\n<meta name=\"twitter:label1\" content=\"Tiempo de lectura\" \/>\n\t<meta name=\"twitter:data1\" content=\"8 minutos\" \/>\n<script type=\"application\/ld+json\" class=\"yoast-schema-graph\">{\"@context\":\"https:\\\/\\\/schema.org\",\"@graph\":[{\"@type\":\"WebPage\",\"@id\":\"https:\\\/\\\/lonsera.com\\\/es\\\/adquisicion-de-celulas\\\/\",\"url\":\"https:\\\/\\\/lonsera.com\\\/es\\\/adquisicion-de-celulas\\\/\",\"name\":\"Adquisici\u00f3n de C\u00e9lulas - Lonsera\",\"isPartOf\":{\"@id\":\"https:\\\/\\\/lonsera.com\\\/#website\"},\"datePublished\":\"2023-08-10T16:22:01+00:00\",\"dateModified\":\"2023-08-24T13:06:10+00:00\",\"breadcrumb\":{\"@id\":\"https:\\\/\\\/lonsera.com\\\/es\\\/adquisicion-de-celulas\\\/#breadcrumb\"},\"inLanguage\":\"es\",\"potentialAction\":[{\"@type\":\"ReadAction\",\"target\":[\"https:\\\/\\\/lonsera.com\\\/es\\\/adquisicion-de-celulas\\\/\"]}]},{\"@type\":\"BreadcrumbList\",\"@id\":\"https:\\\/\\\/lonsera.com\\\/es\\\/adquisicion-de-celulas\\\/#breadcrumb\",\"itemListElement\":[{\"@type\":\"ListItem\",\"position\":1,\"name\":\"Home\",\"item\":\"https:\\\/\\\/lonsera.com\\\/es\\\/\"},{\"@type\":\"ListItem\",\"position\":2,\"name\":\"Adquisici\u00f3n de C\u00e9lulas\"}]},{\"@type\":\"WebSite\",\"@id\":\"https:\\\/\\\/lonsera.com\\\/#website\",\"url\":\"https:\\\/\\\/lonsera.com\\\/\",\"name\":\"Lonsera\",\"description\":\"\",\"potentialAction\":[{\"@type\":\"SearchAction\",\"target\":{\"@type\":\"EntryPoint\",\"urlTemplate\":\"https:\\\/\\\/lonsera.com\\\/?s={search_term_string}\"},\"query-input\":{\"@type\":\"PropertyValueSpecification\",\"valueRequired\":true,\"valueName\":\"search_term_string\"}}],\"inLanguage\":\"es\"}]}<\/script>\n<!-- \/ Yoast SEO plugin. -->","yoast_head_json":{"title":"Adquisici\u00f3n de C\u00e9lulas - Lonsera","robots":{"index":"index","follow":"follow","max-snippet":"max-snippet:-1","max-image-preview":"max-image-preview:large","max-video-preview":"max-video-preview:-1"},"canonical":"https:\/\/lonsera.com\/es\/adquisicion-de-celulas\/","og_locale":"es_ES","og_type":"article","og_title":"Adquisici\u00f3n de C\u00e9lulas - Lonsera","og_description":"Nuestra empresa puede adquirir c\u00e9lulas extranjeras en nombre de los clientes, incluyendo c\u00e9lulas de bancos de c\u00e9lulas importantes y empresas vendedoras de c\u00e9lulas. Los usuarios registrados pueden solicitar una lista de marcas disponibles para la adquisici\u00f3n. Los clientes deben proporcionar el nombre de la c\u00e9lula, el n\u00famero de cat\u00e1logo y el enlace de compra (si [&hellip;]","og_url":"https:\/\/lonsera.com\/es\/adquisicion-de-celulas\/","og_site_name":"Lonsera","article_modified_time":"2023-08-24T13:06:10+00:00","og_image":[{"width":1920,"height":1281,"url":"https:\/\/lonsera.com\/wp-content\/uploads\/2023\/07\/bg-slide-campo.webp","type":"image\/webp"}],"twitter_card":"summary_large_image","twitter_misc":{"Tiempo de lectura":"8 minutos"},"schema":{"@context":"https:\/\/schema.org","@graph":[{"@type":"WebPage","@id":"https:\/\/lonsera.com\/es\/adquisicion-de-celulas\/","url":"https:\/\/lonsera.com\/es\/adquisicion-de-celulas\/","name":"Adquisici\u00f3n de C\u00e9lulas - Lonsera","isPartOf":{"@id":"https:\/\/lonsera.com\/#website"},"datePublished":"2023-08-10T16:22:01+00:00","dateModified":"2023-08-24T13:06:10+00:00","breadcrumb":{"@id":"https:\/\/lonsera.com\/es\/adquisicion-de-celulas\/#breadcrumb"},"inLanguage":"es","potentialAction":[{"@type":"ReadAction","target":["https:\/\/lonsera.com\/es\/adquisicion-de-celulas\/"]}]},{"@type":"BreadcrumbList","@id":"https:\/\/lonsera.com\/es\/adquisicion-de-celulas\/#breadcrumb","itemListElement":[{"@type":"ListItem","position":1,"name":"Home","item":"https:\/\/lonsera.com\/es\/"},{"@type":"ListItem","position":2,"name":"Adquisici\u00f3n de C\u00e9lulas"}]},{"@type":"WebSite","@id":"https:\/\/lonsera.com\/#website","url":"https:\/\/lonsera.com\/","name":"Lonsera","description":"","potentialAction":[{"@type":"SearchAction","target":{"@type":"EntryPoint","urlTemplate":"https:\/\/lonsera.com\/?s={search_term_string}"},"query-input":{"@type":"PropertyValueSpecification","valueRequired":true,"valueName":"search_term_string"}}],"inLanguage":"es"}]}},"_links":{"self":[{"href":"https:\/\/lonsera.com\/es\/wp-json\/wp\/v2\/pages\/710","targetHints":{"allow":["GET"]}}],"collection":[{"href":"https:\/\/lonsera.com\/es\/wp-json\/wp\/v2\/pages"}],"about":[{"href":"https:\/\/lonsera.com\/es\/wp-json\/wp\/v2\/types\/page"}],"author":[{"embeddable":true,"href":"https:\/\/lonsera.com\/es\/wp-json\/wp\/v2\/users\/1"}],"replies":[{"embeddable":true,"href":"https:\/\/lonsera.com\/es\/wp-json\/wp\/v2\/comments?post=710"}],"version-history":[{"count":0,"href":"https:\/\/lonsera.com\/es\/wp-json\/wp\/v2\/pages\/710\/revisions"}],"wp:attachment":[{"href":"https:\/\/lonsera.com\/es\/wp-json\/wp\/v2\/media?parent=710"}],"curies":[{"name":"wp","href":"https:\/\/api.w.org\/{rel}","templated":true}]}}